{"id":3674,"date":"2024-03-26T11:00:48","date_gmt":"2024-03-26T10:00:48","guid":{"rendered":"https:\/\/internationaleditors.com\/?page_id=3674"},"modified":"2024-10-07T19:43:58","modified_gmt":"2024-10-07T17:43:58","slug":"avis-legal","status":"publish","type":"page","link":"https:\/\/www.internationaleditors.com\/ca\/avis-legal\/","title":{"rendered":"Av\u00eds legal"},"content":{"rendered":"[vc_row type=&#8221;full_width_content&#8221; full_screen_row_position=&#8221;middle&#8221; column_margin=&#8221;default&#8221; column_direction=&#8221;default&#8221; column_direction_tablet=&#8221;default&#8221; column_direction_phone=&#8221;default&#8221; scene_position=&#8221;center&#8221; left_padding_desktop=&#8221;8%&#8221; right_padding_desktop=&#8221;8%&#8221; top_margin=&#8221;8%&#8221; text_color=&#8221;dark&#8221; text_align=&#8221;left&#8221; row_border_radius=&#8221;none&#8221; row_border_radius_applies=&#8221;bg&#8221; overflow=&#8221;visible&#8221; overlay_strength=&#8221;0.3&#8243; gradient_direction=&#8221;left_to_right&#8221; shape_divider_position=&#8221;bottom&#8221; bg_image_animation=&#8221;none&#8221; gradient_type=&#8221;default&#8221; shape_type=&#8221;&#8221;][vc_column column_padding=&#8221;no-extra-padding&#8221; column_padding_tablet=&#8221;inherit&#8221; column_padding_phone=&#8221;inherit&#8221; column_padding_position=&#8221;all&#8221; column_element_direction_desktop=&#8221;default&#8221; column_element_spacing=&#8221;default&#8221; desktop_text_alignment=&#8221;default&#8221; tablet_text_alignment=&#8221;default&#8221; phone_text_alignment=&#8221;default&#8221; background_color_opacity=&#8221;1&#8243; background_hover_color_opacity=&#8221;1&#8243; column_backdrop_filter=&#8221;none&#8221; column_shadow=&#8221;none&#8221; column_border_radius=&#8221;none&#8221; column_link_target=&#8221;_self&#8221; max_width_desktop=&#8221;60%&#8221; column_position=&#8221;default&#8221; max_width_tablet=&#8221;80%&#8221; max_width_phone=&#8221;100%&#8221; gradient_direction=&#8221;left_to_right&#8221; overlay_strength=&#8221;0.3&#8243; width=&#8221;1\/1&#8243; tablet_width_inherit=&#8221;default&#8221; animation_type=&#8221;default&#8221; bg_image_animation=&#8221;none&#8221; border_type=&#8221;simple&#8221; column_border_width=&#8221;none&#8221; column_border_style=&#8221;solid&#8221; column_padding_type=&#8221;default&#8221; gradient_type=&#8221;default&#8221;][vc_column_text text_direction=&#8221;default&#8221;]\n<h1>Av\u00eds legal<\/h1>\n[\/vc_column_text][divider line_type=&#8221;No Line&#8221; custom_height=&#8221;30&#8243;][vc_column_text text_direction=&#8221;default&#8221;]INFORMACI\u00d3 FISCAL<br \/>\nNom fiscal: International Editors &amp; Ya\u00f1ez Co, SL<br \/>\nCIF B08423550<br \/>\nC\/C\u00f2rsega, 288 1\u00ba2\u00aa<br \/>\n08008-Barcelona<br \/>\nInternational Editors &amp; Ya\u00f1ez Co, SL \u00e9s una marca comercial registrada a l\u2019Oficina de Marques i Patents.<br \/>\nDades registrals: Tom 44504, Foli 12, Full B61111, Inscripci\u00f3 1a Registre mercantil de Barcelona<\/p>\n<p>FINS I BASE JUR\u00cdDICA DEL TRACTAMENT<\/p>\n<p>International Editors &amp; Ya\u00f1ez Co, SL tractar\u00e0 les dades personals dels usuaris del lloc web per a les finalitats que s\u2019identifiquen a continuaci\u00f3:<\/p>\n<p>En relaci\u00f3 amb el \u201cformulari de contacte\u201d i amb altres consultes (les que puguin adre\u00e7ar-se a trav\u00e9s dels comptes de correu electr\u00f2nic que consten a l\u2019apartat de \u201ccontacte\u201d de la p\u00e0gina web):<\/p>\n<ul>\n<li><span style=\"text-decoration: underline;\">Finalitat 1<\/span>: Atendre la consulta de qu\u00e8 es tracti, juntament amb l\u2019enviament de la informaci\u00f3 requerida per l\u2019usuari sobre l\u2019activitat i\/o els serveis d\u2019\u00c1ralos.<\/li>\n<li><span style=\"text-decoration: underline;\">Finalitat 2<\/span>: Enviament peri\u00f2dic d\u2019informaci\u00f3 sobre el grup, els productes o els serveis d\u2019internationaleditors.com o qualsevol dels seus associats, incloent-hi les novetats que es vagin produint respecte d\u2019aquests.<\/li>\n<\/ul>\n<p>DESTINATARIS<\/p>\n<p>Les dades personals dels interessats no es comunicaran a tercers.<\/p>\n<p>TRANSFER\u00c8NCIES A TERCERS PA\u00cfSOS<\/p>\n<p>No hi ha transfer\u00e8ncies internacionals fora de la Uni\u00f3 Europea.<\/p>\n<p>TERMINIS DE CONSERVACI\u00d3<\/p>\n<p>Les dades personals es conservaran fins que l\u2019usuari sol\u00b7liciti la supressi\u00f3 de les dades.<\/p>\n<p>DRETS DELS INTERESSATS<\/p>\n<p>Els usuaris del lloc web podran exercitar davant \u00c1ralos, en la mesura que siguin aplicables, els drets seg\u00fcents: acc\u00e9s a les dades personals, rectificaci\u00f3, supressi\u00f3, limitaci\u00f3 del tractament, oposici\u00f3 al tractament, portabilitat de les dades i, quan el tractament es base en el consentiment, el dret a retirar-lo en qualsevol moment.<\/p>\n<p>Els usuaris podran exercitar aquests drets, identificant-se degudament amb el seu DNI i adre\u00e7ant-se per via electr\u00f2nica a: <a href=\"mailto:ieco@internationaleditors.com\">ieco@internationaleditors.com<\/a><\/p>\n<p>Els usuaris tamb\u00e9 tenen dret a presentar una reclamaci\u00f3 davant de l\u2019autoritat de protecci\u00f3 de dades competent (l\u2019Ag\u00e8ncia Espanyola de Protecci\u00f3 de Dades) si consideren vulnerats els seus drets.<\/p>\n<p>LEGISLACI\u00d3 APLICABLE<\/p>\n<p>Aquests termes i condicions es regeixen per la legislaci\u00f3 espanyola. La interpretaci\u00f3 i la resoluci\u00f3 de qualsevol conflicte que es pugui derivar de la participaci\u00f3 de l\u2019Usuari als serveis d\u2019internationaleditors.com estar\u00e0 subjecta als Jutjats i Tribunals de Barcelona capital.[\/vc_column_text][divider line_type=&#8221;No Line&#8221; custom_height=&#8221;100&#8243;][\/vc_column][\/vc_row]\n","protected":false},"excerpt":{"rendered":"<p>[vc_row type=&#8221;full_width_content&#8221; full_screen_row_position=&#8221;middle&#8221; column_margin=&#8221;default&#8221; column_direction=&#8221;default&#8221; column_direction_tablet=&#8221;default&#8221; column_direction_phone=&#8221;default&#8221; scene_position=&#8221;center&#8221; left_padding_desktop=&#8221;8%&#8221; right_padding_desktop=&#8221;8%&#8221; top_margin=&#8221;8%&#8221; text_color=&#8221;dark&#8221; text_align=&#8221;left&#8221; row_border_radius=&#8221;none&#8221; row_border_radius_applies=&#8221;bg&#8221; overflow=&#8221;visible&#8221; overlay_strength=&#8221;0.3&#8243; gradient_direction=&#8221;left_to_right&#8221; shape_divider_position=&#8221;bottom&#8221; bg_image_animation=&#8221;none&#8221; gradient_type=&#8221;default&#8221; shape_type=&#8221;&#8221;][vc_column column_padding=&#8221;no-extra-padding&#8221; column_padding_tablet=&#8221;inherit&#8221; column_padding_phone=&#8221;inherit&#8221; column_padding_position=&#8221;all&#8221; column_element_direction_desktop=&#8221;default&#8221; column_element_spacing=&#8221;default&#8221; desktop_text_alignment=&#8221;default&#8221; tablet_text_alignment=&#8221;default&#8221;&#8230;<\/p>\n","protected":false},"author":2,"featured_media":0,"parent":0,"menu_order":8,"comment_status":"closed","ping_status":"closed","template":"","meta":{"_acf_changed":false,"_monsterinsights_skip_tracking":false,"_monsterinsights_sitenote_active":false,"_monsterinsights_sitenote_note":"","_monsterinsights_sitenote_category":0,"footnotes":""},"class_list":["post-3674","page","type-page","status-publish"],"acf":[],"yoast_head":"<!-- This site is optimized with the Yoast SEO plugin v27.3 - https:\/\/yoast.com\/product\/yoast-seo-wordpress\/ -->\n<title>Av\u00eds legal - International Editors &amp; Ya\u00f1ez, Co.<\/title>\n<meta name=\"robots\" content=\"index, follow, max-snippet:-1, max-image-preview:large, max-video-preview:-1\" \/>\n<link rel=\"canonical\" href=\"https:\/\/www.internationaleditors.com\/ca\/avis-legal\/\" \/>\n<meta property=\"og:locale\" content=\"ca_ES\" \/>\n<meta property=\"og:type\" content=\"article\" \/>\n<meta property=\"og:title\" content=\"Av\u00eds legal - International Editors &amp; Ya\u00f1ez, Co.\" \/>\n<meta property=\"og:description\" content=\"[vc_row type=&#8221;full_width_content&#8221; full_screen_row_position=&#8221;middle&#8221; column_margin=&#8221;default&#8221; column_direction=&#8221;default&#8221; column_direction_tablet=&#8221;default&#8221; column_direction_phone=&#8221;default&#8221; scene_position=&#8221;center&#8221; left_padding_desktop=&#8221;8%&#8221; right_padding_desktop=&#8221;8%&#8221; top_margin=&#8221;8%&#8221; text_color=&#8221;dark&#8221; text_align=&#8221;left&#8221; row_border_radius=&#8221;none&#8221; row_border_radius_applies=&#8221;bg&#8221; overflow=&#8221;visible&#8221; overlay_strength=&#8221;0.3&#8243; gradient_direction=&#8221;left_to_right&#8221; shape_divider_position=&#8221;bottom&#8221; bg_image_animation=&#8221;none&#8221; gradient_type=&#8221;default&#8221; shape_type=&#8221;&#8221;][vc_column column_padding=&#8221;no-extra-padding&#8221; column_padding_tablet=&#8221;inherit&#8221; column_padding_phone=&#8221;inherit&#8221; column_padding_position=&#8221;all&#8221; column_element_direction_desktop=&#8221;default&#8221; column_element_spacing=&#8221;default&#8221; desktop_text_alignment=&#8221;default&#8221; tablet_text_alignment=&#8221;default&#8221;...\" \/>\n<meta property=\"og:url\" content=\"https:\/\/www.internationaleditors.com\/ca\/avis-legal\/\" \/>\n<meta property=\"og:site_name\" content=\"International Editors &amp; Ya\u00f1ez, Co.\" \/>\n<meta property=\"article:publisher\" content=\"https:\/\/www.facebook.com\/people\/Reemocioart\/100076073310442\/\" \/>\n<meta property=\"article:modified_time\" content=\"2024-10-07T17:43:58+00:00\" \/>\n<meta name=\"twitter:card\" content=\"summary_large_image\" \/>\n<meta name=\"twitter:label1\" content=\"Temps estimat de lectura\" \/>\n\t<meta name=\"twitter:data1\" content=\"2 minuts\" \/>\n<script type=\"application\/ld+json\" class=\"yoast-schema-graph\">{\"@context\":\"https:\\\/\\\/schema.org\",\"@graph\":[{\"@type\":\"WebPage\",\"@id\":\"https:\\\/\\\/www.internationaleditors.com\\\/ca\\\/avis-legal\\\/\",\"url\":\"https:\\\/\\\/www.internationaleditors.com\\\/ca\\\/avis-legal\\\/\",\"name\":\"Av\u00eds legal - International Editors &amp; Ya\u00f1ez, Co.\",\"isPartOf\":{\"@id\":\"https:\\\/\\\/www.internationaleditors.com\\\/#website\"},\"datePublished\":\"2024-03-26T10:00:48+00:00\",\"dateModified\":\"2024-10-07T17:43:58+00:00\",\"breadcrumb\":{\"@id\":\"https:\\\/\\\/www.internationaleditors.com\\\/ca\\\/avis-legal\\\/#breadcrumb\"},\"inLanguage\":\"ca\",\"potentialAction\":[{\"@type\":\"ReadAction\",\"target\":[\"https:\\\/\\\/www.internationaleditors.com\\\/ca\\\/avis-legal\\\/\"]}]},{\"@type\":\"BreadcrumbList\",\"@id\":\"https:\\\/\\\/www.internationaleditors.com\\\/ca\\\/avis-legal\\\/#breadcrumb\",\"itemListElement\":[{\"@type\":\"ListItem\",\"position\":1,\"name\":\"Portada\",\"item\":\"https:\\\/\\\/www.internationaleditors.com\\\/ca\\\/\"},{\"@type\":\"ListItem\",\"position\":2,\"name\":\"Av\u00eds legal\"}]},{\"@type\":\"WebSite\",\"@id\":\"https:\\\/\\\/www.internationaleditors.com\\\/#website\",\"url\":\"https:\\\/\\\/www.internationaleditors.com\\\/\",\"name\":\"International Editors &amp; Ya\u00f1ez, Co.\",\"description\":\"\",\"publisher\":{\"@id\":\"https:\\\/\\\/www.internationaleditors.com\\\/#organization\"},\"alternateName\":\"Velas naturales\",\"potentialAction\":[{\"@type\":\"SearchAction\",\"target\":{\"@type\":\"EntryPoint\",\"urlTemplate\":\"https:\\\/\\\/www.internationaleditors.com\\\/?s={search_term_string}\"},\"query-input\":{\"@type\":\"PropertyValueSpecification\",\"valueRequired\":true,\"valueName\":\"search_term_string\"}}],\"inLanguage\":\"ca\"},{\"@type\":\"Organization\",\"@id\":\"https:\\\/\\\/www.internationaleditors.com\\\/#organization\",\"name\":\"Reemocioart\",\"alternateName\":\"Reemocioart\",\"url\":\"https:\\\/\\\/www.internationaleditors.com\\\/\",\"logo\":{\"@type\":\"ImageObject\",\"inLanguage\":\"ca\",\"@id\":\"https:\\\/\\\/www.internationaleditors.com\\\/#\\\/schema\\\/logo\\\/image\\\/\",\"url\":\"\",\"contentUrl\":\"\",\"caption\":\"Reemocioart\"},\"image\":{\"@id\":\"https:\\\/\\\/www.internationaleditors.com\\\/#\\\/schema\\\/logo\\\/image\\\/\"},\"sameAs\":[\"https:\\\/\\\/www.facebook.com\\\/people\\\/Reemocioart\\\/100076073310442\\\/\",\"https:\\\/\\\/www.instagram.com\\\/reemocioart\\\/\"]}]}<\/script>\n<!-- \/ Yoast SEO plugin. -->","yoast_head_json":{"title":"Av\u00eds legal - International Editors &amp; Ya\u00f1ez, Co.","robots":{"index":"index","follow":"follow","max-snippet":"max-snippet:-1","max-image-preview":"max-image-preview:large","max-video-preview":"max-video-preview:-1"},"canonical":"https:\/\/www.internationaleditors.com\/ca\/avis-legal\/","og_locale":"ca_ES","og_type":"article","og_title":"Av\u00eds legal - International Editors &amp; Ya\u00f1ez, Co.","og_description":"[vc_row type=&#8221;full_width_content&#8221; full_screen_row_position=&#8221;middle&#8221; column_margin=&#8221;default&#8221; column_direction=&#8221;default&#8221; column_direction_tablet=&#8221;default&#8221; column_direction_phone=&#8221;default&#8221; scene_position=&#8221;center&#8221; left_padding_desktop=&#8221;8%&#8221; right_padding_desktop=&#8221;8%&#8221; top_margin=&#8221;8%&#8221; text_color=&#8221;dark&#8221; text_align=&#8221;left&#8221; row_border_radius=&#8221;none&#8221; row_border_radius_applies=&#8221;bg&#8221; overflow=&#8221;visible&#8221; overlay_strength=&#8221;0.3&#8243; gradient_direction=&#8221;left_to_right&#8221; shape_divider_position=&#8221;bottom&#8221; bg_image_animation=&#8221;none&#8221; gradient_type=&#8221;default&#8221; shape_type=&#8221;&#8221;][vc_column column_padding=&#8221;no-extra-padding&#8221; column_padding_tablet=&#8221;inherit&#8221; column_padding_phone=&#8221;inherit&#8221; column_padding_position=&#8221;all&#8221; column_element_direction_desktop=&#8221;default&#8221; column_element_spacing=&#8221;default&#8221; desktop_text_alignment=&#8221;default&#8221; tablet_text_alignment=&#8221;default&#8221;...","og_url":"https:\/\/www.internationaleditors.com\/ca\/avis-legal\/","og_site_name":"International Editors &amp; Ya\u00f1ez, Co.","article_publisher":"https:\/\/www.facebook.com\/people\/Reemocioart\/100076073310442\/","article_modified_time":"2024-10-07T17:43:58+00:00","twitter_card":"summary_large_image","twitter_misc":{"Temps estimat de lectura":"2 minuts"},"schema":{"@context":"https:\/\/schema.org","@graph":[{"@type":"WebPage","@id":"https:\/\/www.internationaleditors.com\/ca\/avis-legal\/","url":"https:\/\/www.internationaleditors.com\/ca\/avis-legal\/","name":"Av\u00eds legal - International Editors &amp; Ya\u00f1ez, Co.","isPartOf":{"@id":"https:\/\/www.internationaleditors.com\/#website"},"datePublished":"2024-03-26T10:00:48+00:00","dateModified":"2024-10-07T17:43:58+00:00","breadcrumb":{"@id":"https:\/\/www.internationaleditors.com\/ca\/avis-legal\/#breadcrumb"},"inLanguage":"ca","potentialAction":[{"@type":"ReadAction","target":["https:\/\/www.internationaleditors.com\/ca\/avis-legal\/"]}]},{"@type":"BreadcrumbList","@id":"https:\/\/www.internationaleditors.com\/ca\/avis-legal\/#breadcrumb","itemListElement":[{"@type":"ListItem","position":1,"name":"Portada","item":"https:\/\/www.internationaleditors.com\/ca\/"},{"@type":"ListItem","position":2,"name":"Av\u00eds legal"}]},{"@type":"WebSite","@id":"https:\/\/www.internationaleditors.com\/#website","url":"https:\/\/www.internationaleditors.com\/","name":"International Editors &amp; Ya\u00f1ez, Co.","description":"","publisher":{"@id":"https:\/\/www.internationaleditors.com\/#organization"},"alternateName":"Velas naturales","potentialAction":[{"@type":"SearchAction","target":{"@type":"EntryPoint","urlTemplate":"https:\/\/www.internationaleditors.com\/?s={search_term_string}"},"query-input":{"@type":"PropertyValueSpecification","valueRequired":true,"valueName":"search_term_string"}}],"inLanguage":"ca"},{"@type":"Organization","@id":"https:\/\/www.internationaleditors.com\/#organization","name":"Reemocioart","alternateName":"Reemocioart","url":"https:\/\/www.internationaleditors.com\/","logo":{"@type":"ImageObject","inLanguage":"ca","@id":"https:\/\/www.internationaleditors.com\/#\/schema\/logo\/image\/","url":"","contentUrl":"","caption":"Reemocioart"},"image":{"@id":"https:\/\/www.internationaleditors.com\/#\/schema\/logo\/image\/"},"sameAs":["https:\/\/www.facebook.com\/people\/Reemocioart\/100076073310442\/","https:\/\/www.instagram.com\/reemocioart\/"]}]}},"_links":{"self":[{"href":"https:\/\/www.internationaleditors.com\/ca\/wp-json\/wp\/v2\/pages\/3674","targetHints":{"allow":["GET"]}}],"collection":[{"href":"https:\/\/www.internationaleditors.com\/ca\/wp-json\/wp\/v2\/pages"}],"about":[{"href":"https:\/\/www.internationaleditors.com\/ca\/wp-json\/wp\/v2\/types\/page"}],"author":[{"embeddable":true,"href":"https:\/\/www.internationaleditors.com\/ca\/wp-json\/wp\/v2\/users\/2"}],"replies":[{"embeddable":true,"href":"https:\/\/www.internationaleditors.com\/ca\/wp-json\/wp\/v2\/comments?post=3674"}],"version-history":[{"count":1,"href":"https:\/\/www.internationaleditors.com\/ca\/wp-json\/wp\/v2\/pages\/3674\/revisions"}],"predecessor-version":[{"id":3675,"href":"https:\/\/www.internationaleditors.com\/ca\/wp-json\/wp\/v2\/pages\/3674\/revisions\/3675"}],"wp:attachment":[{"href":"https:\/\/www.internationaleditors.com\/ca\/wp-json\/wp\/v2\/media?parent=3674"}],"curies":[{"name":"wp","href":"https:\/\/api.w.org\/{rel}","templated":true}]}}